{"id":11,"date":"2024-01-24T11:10:05","date_gmt":"2024-01-24T10:10:05","guid":{"rendered":"https:\/\/vinwiala.com\/?page_id=11"},"modified":"2024-01-24T15:09:40","modified_gmt":"2024-01-24T14:09:40","slug":"accueil","status":"publish","type":"page","link":"https:\/\/vinwiala.com\/","title":{"rendered":"Accueil"},"content":{"rendered":"\n<div class=\"wp-block-cover alignfull is-light\" style=\"min-height:700px;aspect-ratio:unset;\"><span aria-hidden=\"true\" class=\"wp-block-cover__background has-background-dim-0 has-background-dim\"><\/span><img loading=\"lazy\" decoding=\"async\" width=\"2480\" height=\"1653\" class=\"wp-block-cover__image-background wp-image-38\" alt=\"\" src=\"https:\/\/vinwiala.com\/wp-content\/uploads\/2024\/01\/5V2A9446.jpg\" style=\"object-position:50% 7%\" data-object-fit=\"cover\" data-object-position=\"50% 7%\" srcset=\"https:\/\/vinwiala.com\/wp-content\/uploads\/2024\/01\/5V2A9446.jpg 2480w, https:\/\/vinwiala.com\/wp-content\/uploads\/2024\/01\/5V2A9446-300x200.jpg 300w, https:\/\/vinwiala.com\/wp-content\/uploads\/2024\/01\/5V2A9446-1024x683.jpg 1024w, https:\/\/vinwiala.com\/wp-content\/uploads\/2024\/01\/5V2A9446-768x512.jpg 768w, https:\/\/vinwiala.com\/wp-content\/uploads\/2024\/01\/5V2A9446-1536x1024.jpg 1536w, https:\/\/vinwiala.com\/wp-content\/uploads\/2024\/01\/5V2A9446-2048x1365.jpg 2048w, https:\/\/vinwiala.com\/wp-content\/uploads\/2024\/01\/5V2A9446-930x620.jpg 930w\" sizes=\"auto, (max-width: 2480px) 100vw, 2480px\" \/><div class=\"wp-block-cover__inner-container is-layout-flow wp-block-cover-is-layout-flow\">\n<div style=\"height:80px\" aria-hidden=\"true\" class=\"wp-block-spacer\"><\/div>\n\n\n\n<h1 class=\"wp-block-heading has-text-align-center has-nv-site-bg-color has-text-color\">Vin Wiala<\/h1>\n\n\n\n<p class=\"has-text-align-center has-nv-site-bg-color has-text-color\" style=\"font-size:17px\">from the southwest of France<\/p>\n\n\n\n<div class=\"wp-block-buttons is-content-justification-center is-layout-flex wp-container-core-buttons-is-layout-16018d1d wp-block-buttons-is-layout-flex\">\n<div class=\"wp-block-button is-style-primary\"><a class=\"wp-block-button__link wp-element-button\" href=\"#\">En savoir plus<\/a><\/div>\n\n\n\n<div class=\"wp-block-button is-style-secondary\"><a class=\"wp-block-button__link wp-element-button\" href=\"https:\/\/demosites.io\/\" target=\"_blank\" rel=\"noreferrer noopener\">Nos cuv\u00e9es<\/a><\/div>\n<\/div>\n\n\n\n<div style=\"height:80px\" aria-hidden=\"true\" class=\"wp-block-spacer\"><\/div>\n\n\n\n<div style=\"height:80px\" aria-hidden=\"true\" class=\"wp-block-spacer\"><\/div>\n\n\n\n<p><\/p>\n<\/div><\/div>\n\n\n\n<div style=\"height:80px\" aria-hidden=\"true\" class=\"wp-block-spacer\"><\/div>\n\n\n\n<div class=\"wp-block-columns is-layout-flex wp-container-core-columns-is-layout-9d6595d7 wp-block-columns-is-layout-flex\">\n<div class=\"wp-block-column is-layout-flow wp-block-column-is-layout-flow\"><div class=\"wp-block-image is-resized icon-style is-style-default\">\n<figure class=\"aligncenter\"><img decoding=\"async\" src=\"https:\/\/vinwiala.com\/wp-content\/themes\/neve\/assets\/img\/starter-content\/icon-03.svg\" alt=\"\"\/><\/figure>\n<\/div>\n\n\n<div style=\"height:20px\" aria-hidden=\"true\" class=\"wp-block-spacer\"><\/div>\n\n\n\n<h3 class=\"wp-block-heading has-text-align-center has-neve-text-color-color has-text-color\">Fixed Price <\/h3>\n\n\n\n<p class=\"has-text-align-center\">Lorem ipsum dolor sit amet elit do, consectetur adipiscing, sed eiusmod tempor.<\/p>\n\n\n\n<div style=\"height:20px\" aria-hidden=\"true\" class=\"wp-block-spacer\"><\/div>\n<\/div>\n\n\n\n<div class=\"wp-block-column is-layout-flow wp-block-column-is-layout-flow\"><div class=\"wp-block-image is-resized icon-style is-style-default\">\n<figure class=\"aligncenter\"><img decoding=\"async\" src=\"https:\/\/vinwiala.com\/wp-content\/themes\/neve\/assets\/img\/starter-content\/icon-02.svg\" alt=\"\"\/><\/figure>\n<\/div>\n\n\n<div style=\"height:20px\" aria-hidden=\"true\" class=\"wp-block-spacer\"><\/div>\n\n\n\n<h3 class=\"wp-block-heading has-text-align-center has-neve-text-color-color has-text-color\">Receive on time<\/h3>\n\n\n\n<p class=\"has-text-align-center\">Lorem ipsum dolor sit amet elit do, consectetur adipiscing, sed eiusmod tempor.<\/p>\n\n\n\n<div style=\"height:20px\" aria-hidden=\"true\" class=\"wp-block-spacer\"><\/div>\n<\/div>\n\n\n\n<div class=\"wp-block-column is-layout-flow wp-block-column-is-layout-flow\"><div class=\"wp-block-image is-resized icon-style is-style-rounded\">\n<figure class=\"aligncenter\"><img decoding=\"async\" src=\"https:\/\/vinwiala.com\/wp-content\/themes\/neve\/assets\/img\/starter-content\/icon-01.svg\" alt=\"\"\/><\/figure>\n<\/div>\n\n\n<div style=\"height:20px\" aria-hidden=\"true\" class=\"wp-block-spacer\"><\/div>\n\n\n\n<h3 class=\"wp-block-heading has-text-align-center has-neve-text-color-color has-text-color\">Naturel<\/h3>\n\n\n\n<p class=\"has-text-align-center\">Lorem ipsum dolor sit amet elit do, consectetur adipiscing, sed eiusmod tempor.<\/p>\n\n\n\n<div style=\"height:20px\" aria-hidden=\"true\" class=\"wp-block-spacer\"><\/div>\n<\/div>\n<\/div>\n\n\n\n<div style=\"height:80px\" aria-hidden=\"true\" class=\"wp-block-spacer\"><\/div>\n\n\n\n<div class=\"wp-block-cover alignfull is-light\" style=\"min-height:600px;aspect-ratio:unset;\"><span aria-hidden=\"true\" class=\"wp-block-cover__background has-nv-light-bg-background-color has-background-dim-100 has-background-dim\"><\/span><div class=\"wp-block-cover__inner-container is-layout-flow wp-block-cover-is-layout-flow\">\n<div class=\"wp-block-group\"><div class=\"wp-block-group__inner-container is-layout-flow wp-block-group-is-layout-flow\">\n<div style=\"height:80px\" aria-hidden=\"true\" class=\"wp-block-spacer\"><\/div>\n\n\n\n<div class=\"wp-block-columns are-vertically-aligned-center is-layout-flex wp-container-core-columns-is-layout-9d6595d7 wp-block-columns-is-layout-flex\">\n<div class=\"wp-block-column is-vertically-aligned-center is-layout-flow wp-block-column-is-layout-flow\" style=\"flex-basis:50%\">\n<figure class=\"wp-block-image size-large\"><img loading=\"lazy\" decoding=\"async\" width=\"1024\" height=\"683\" src=\"https:\/\/vinwiala.com\/wp-content\/uploads\/2024\/01\/5V2A9329-1024x683.jpg\" alt=\"\" class=\"wp-image-41\" srcset=\"https:\/\/vinwiala.com\/wp-content\/uploads\/2024\/01\/5V2A9329-1024x683.jpg 1024w, https:\/\/vinwiala.com\/wp-content\/uploads\/2024\/01\/5V2A9329-300x200.jpg 300w, https:\/\/vinwiala.com\/wp-content\/uploads\/2024\/01\/5V2A9329-768x512.jpg 768w, https:\/\/vinwiala.com\/wp-content\/uploads\/2024\/01\/5V2A9329-1536x1024.jpg 1536w, https:\/\/vinwiala.com\/wp-content\/uploads\/2024\/01\/5V2A9329-2048x1365.jpg 2048w, https:\/\/vinwiala.com\/wp-content\/uploads\/2024\/01\/5V2A9329-930x620.jpg 930w\" sizes=\"auto, (max-width: 1024px) 100vw, 1024px\" \/><\/figure>\n<\/div>\n\n\n\n<div class=\"wp-block-column is-vertically-aligned-center is-layout-flow wp-block-column-is-layout-flow\" style=\"flex-basis:50%\">\n<div style=\"height:20px\" aria-hidden=\"true\" class=\"wp-block-spacer\"><\/div>\n\n\n\n<h2 class=\"wp-block-heading has-text-align-left has-neve-text-color-color has-text-color\">Hubert, le coeur de Wiala<\/h2>\n\n\n\n<p class=\"has-text-align-left has-neve-text-color-color has-text-color\" style=\"font-size:17px\">Au c\u0153ur de cette renaissance, Hubert, <strong>notre vigneron embl\u00e9matique<\/strong>, continue de mettre en \u0153uvre son <strong>savoir-faire<\/strong> exceptionnel. Sa <strong>passion<\/strong> pour le vin et son d\u00e9vouement infatigable \u00e0 cultiver nos vignes sont plus vivants que jamais. Hubert incarne l&#8217;essence m\u00eame de Wiala, alliant <strong>tradition et innovation<\/strong>, tout en pr\u00e9servant l&#8217;authenticit\u00e9 de notre terroir.<\/p>\n\n\n\n<div class=\"wp-block-buttons is-content-justification-left is-layout-flex wp-container-core-buttons-is-layout-fdcfc74e wp-block-buttons-is-layout-flex\">\n<div class=\"wp-block-button is-style-primary\"><a class=\"wp-block-button__link wp-element-button\" href=\"#\">En savoir plus<\/a><\/div>\n<\/div>\n<\/div>\n<\/div>\n\n\n\n<div style=\"height:40px\" aria-hidden=\"true\" class=\"wp-block-spacer\"><\/div>\n<\/div><\/div>\n<\/div><\/div>\n\n\n\n<div class=\"wp-block-cover alignfull is-light\" style=\"min-height:600px;aspect-ratio:unset;\"><span aria-hidden=\"true\" class=\"wp-block-cover__background has-nv-site-bg-background-color has-background-dim-100 has-background-dim\"><\/span><div class=\"wp-block-cover__inner-container is-layout-flow wp-block-cover-is-layout-flow\">\n<div class=\"wp-block-group\"><div class=\"wp-block-group__inner-container is-layout-flow wp-block-group-is-layout-flow\">\n<div style=\"height:80px\" aria-hidden=\"true\" class=\"wp-block-spacer\"><\/div>\n\n\n\n<div class=\"wp-block-columns are-vertically-aligned-center is-layout-flex wp-container-core-columns-is-layout-9d6595d7 wp-block-columns-is-layout-flex\">\n<div class=\"wp-block-column is-vertically-aligned-center is-layout-flow wp-block-column-is-layout-flow\" style=\"flex-basis:50%\">\n<h2 class=\"wp-block-heading has-text-align-left has-neve-text-color-color has-text-color\">Le terroir de Tuchan : Un tr\u00e9sor in\u00e9gal\u00e9<\/h2>\n\n\n\n<p class=\"has-text-align-left has-neve-text-color-color has-text-color\" style=\"font-size:17px\">Notre terroir, nich\u00e9 \u00e0 la <strong>confluence de trois forteresses m\u00e9di\u00e9vales<\/strong>, anciennes gardiennes de la fronti\u00e8re entre la France et la Catalogne, est un paysage vivant qui enrichit nos vignes. Chaque gorg\u00e9e de nos vins r\u00e9v\u00e8le la majest\u00e9 et les <strong>saveurs uniques<\/strong> h\u00e9rit\u00e9es de cette <strong>histoire embl\u00e9matique.<\/strong><\/p>\n\n\n\n<div class=\"wp-block-buttons is-content-justification-left is-layout-flex wp-container-core-buttons-is-layout-fdcfc74e wp-block-buttons-is-layout-flex\">\n<div class=\"wp-block-button is-style-primary\"><a class=\"wp-block-button__link wp-element-button\" href=\"#\">EN savoir plus<\/a><\/div>\n<\/div>\n\n\n\n<div style=\"height:40px\" aria-hidden=\"true\" class=\"wp-block-spacer\"><\/div>\n<\/div>\n\n\n\n<div class=\"wp-block-column is-vertically-aligned-center is-layout-flow wp-block-column-is-layout-flow\" style=\"flex-basis:50%\">\n<figure class=\"wp-block-image size-full\"><img loading=\"lazy\" decoding=\"async\" width=\"2480\" height=\"1653\" src=\"https:\/\/vinwiala.com\/wp-content\/uploads\/2024\/01\/5V2A9446-1.jpg\" alt=\"\" class=\"wp-image-43\" srcset=\"https:\/\/vinwiala.com\/wp-content\/uploads\/2024\/01\/5V2A9446-1.jpg 2480w, https:\/\/vinwiala.com\/wp-content\/uploads\/2024\/01\/5V2A9446-1-300x200.jpg 300w, https:\/\/vinwiala.com\/wp-content\/uploads\/2024\/01\/5V2A9446-1-1024x683.jpg 1024w, https:\/\/vinwiala.com\/wp-content\/uploads\/2024\/01\/5V2A9446-1-768x512.jpg 768w, https:\/\/vinwiala.com\/wp-content\/uploads\/2024\/01\/5V2A9446-1-1536x1024.jpg 1536w, https:\/\/vinwiala.com\/wp-content\/uploads\/2024\/01\/5V2A9446-1-2048x1365.jpg 2048w, https:\/\/vinwiala.com\/wp-content\/uploads\/2024\/01\/5V2A9446-1-930x620.jpg 930w\" sizes=\"auto, (max-width: 2480px) 100vw, 2480px\" \/><\/figure>\n<\/div>\n<\/div>\n\n\n\n<div style=\"height:40px\" aria-hidden=\"true\" class=\"wp-block-spacer\"><\/div>\n<\/div><\/div>\n<\/div><\/div>\n\n\n\n<div class=\"wp-block-cover alignfull is-light\" style=\"min-height:600px;aspect-ratio:unset;\"><span aria-hidden=\"true\" class=\"wp-block-cover__background has-nv-dark-bg-background-color has-background-dim-100 has-background-dim\"><\/span><div class=\"wp-block-cover__inner-container is-layout-flow wp-block-cover-is-layout-flow\">\n<div class=\"wp-block-group\"><div class=\"wp-block-group__inner-container is-layout-flow wp-block-group-is-layout-flow\">\n<div style=\"height:80px\" aria-hidden=\"true\" class=\"wp-block-spacer\"><\/div>\n\n\n\n<div class=\"wp-block-columns are-vertically-aligned-center is-layout-flex wp-container-core-columns-is-layout-9d6595d7 wp-block-columns-is-layout-flex\">\n<div class=\"wp-block-column is-vertically-aligned-center is-layout-flow wp-block-column-is-layout-flow\" style=\"flex-basis:50%\">\n<figure class=\"wp-block-image size-large\"><img loading=\"lazy\" decoding=\"async\" width=\"1024\" height=\"685\" src=\"https:\/\/vinwiala.com\/wp-content\/uploads\/2024\/01\/1090249-1024x685.jpg\" alt=\"\" class=\"wp-image-44\" srcset=\"https:\/\/vinwiala.com\/wp-content\/uploads\/2024\/01\/1090249-1024x685.jpg 1024w, https:\/\/vinwiala.com\/wp-content\/uploads\/2024\/01\/1090249-300x201.jpg 300w, https:\/\/vinwiala.com\/wp-content\/uploads\/2024\/01\/1090249-768x514.jpg 768w, https:\/\/vinwiala.com\/wp-content\/uploads\/2024\/01\/1090249-1536x1028.jpg 1536w, https:\/\/vinwiala.com\/wp-content\/uploads\/2024\/01\/1090249-2048x1371.jpg 2048w\" sizes=\"auto, (max-width: 1024px) 100vw, 1024px\" \/><\/figure>\n<\/div>\n\n\n\n<div class=\"wp-block-column is-vertically-aligned-center is-layout-flow wp-block-column-is-layout-flow\" style=\"flex-basis:50%\">\n<div style=\"height:40px\" aria-hidden=\"true\" class=\"wp-block-spacer\"><\/div>\n\n\n\n<h2 class=\"wp-block-heading has-text-align-left has-nv-text-dark-bg-color has-text-color\">Engagement envers la nature et la qualit\u00e9<\/h2>\n\n\n\n<p class=\"has-text-align-left has-nv-text-dark-bg-color has-text-color\" style=\"font-size:17px\">Nous honorons notre engagement envers une <strong>viticulture \u00e9cologique<\/strong>, avec des <strong>pratiques durables et biologiques<\/strong> qui assurent la qualit\u00e9 de nos vins Wiala. Chaque bouteille refl\u00e8te notre respect pour la nature et notre <strong>qu\u00eate d&#8217;excellence.<\/strong> Nous s\u00e9lectionnons soigneusement les <strong>meilleures parcelles<\/strong> et privil\u00e9gions la <strong>r\u00e9colte manuelle <\/strong>pour garantir des raisins m\u00fbrs et savoureux.<\/p>\n\n\n\n<div class=\"wp-block-buttons is-content-justification-left is-layout-flex wp-container-core-buttons-is-layout-fdcfc74e wp-block-buttons-is-layout-flex\">\n<div class=\"wp-block-button is-style-primary\"><a class=\"wp-block-button__link wp-element-button\" href=\"#\">En savoir plus<\/a><\/div>\n<\/div>\n<\/div>\n<\/div>\n\n\n\n<div style=\"height:40px\" aria-hidden=\"true\" class=\"wp-block-spacer\"><\/div>\n<\/div><\/div>\n<\/div><\/div>\n\n\n\n<div style=\"height:40px\" aria-hidden=\"true\" class=\"wp-block-spacer\"><\/div>\n\n\n\n<div class=\"wp-block-cover alignfull is-light\" style=\"min-height:600px;aspect-ratio:unset;\"><span aria-hidden=\"true\" class=\"wp-block-cover__background has-nv-site-bg-background-color has-background-dim-100 has-background-dim\"><\/span><div class=\"wp-block-cover__inner-container is-layout-flow wp-block-cover-is-layout-flow\">\n<div class=\"wp-block-group\"><div class=\"wp-block-group__inner-container is-layout-flow wp-block-group-is-layout-flow\">\n<h2 class=\"wp-block-heading has-neve-text-color-color has-text-color\">Nos vins<\/h2>\n\n\n\n<div class=\"wp-block-columns is-layout-flex wp-container-core-columns-is-layout-9d6595d7 wp-block-columns-is-layout-flex\">\n<div class=\"wp-block-column is-layout-flow wp-block-column-is-layout-flow\">\n<figure class=\"wp-block-image size-large is-resized\"><img loading=\"lazy\" decoding=\"async\" width=\"685\" height=\"1024\" src=\"https:\/\/vinwiala.com\/wp-content\/uploads\/2024\/01\/1090153-685x1024.jpg\" alt=\"\" class=\"wp-image-53\" style=\"width:352px;height:auto\" srcset=\"https:\/\/vinwiala.com\/wp-content\/uploads\/2024\/01\/1090153-685x1024.jpg 685w, https:\/\/vinwiala.com\/wp-content\/uploads\/2024\/01\/1090153-201x300.jpg 201w, https:\/\/vinwiala.com\/wp-content\/uploads\/2024\/01\/1090153-768x1147.jpg 768w, https:\/\/vinwiala.com\/wp-content\/uploads\/2024\/01\/1090153-1028x1536.jpg 1028w, https:\/\/vinwiala.com\/wp-content\/uploads\/2024\/01\/1090153-1371x2048.jpg 1371w, https:\/\/vinwiala.com\/wp-content\/uploads\/2024\/01\/1090153-scaled.jpg 1714w\" sizes=\"auto, (max-width: 685px) 100vw, 685px\" \/><\/figure>\n\n\n\n<p class=\"has-text-align-center\">Cuv\u00e9e n\u00b01<\/p>\n<\/div>\n\n\n\n<div class=\"wp-block-column is-layout-flow wp-block-column-is-layout-flow\">\n<figure class=\"wp-block-image size-large\"><img loading=\"lazy\" decoding=\"async\" width=\"685\" height=\"1024\" src=\"http:\/\/vinwiala.com\/wp-content\/uploads\/2024\/01\/1090153-685x1024.jpg\" alt=\"\" class=\"wp-image-53\" srcset=\"https:\/\/vinwiala.com\/wp-content\/uploads\/2024\/01\/1090153-685x1024.jpg 685w, https:\/\/vinwiala.com\/wp-content\/uploads\/2024\/01\/1090153-201x300.jpg 201w, https:\/\/vinwiala.com\/wp-content\/uploads\/2024\/01\/1090153-768x1147.jpg 768w, https:\/\/vinwiala.com\/wp-content\/uploads\/2024\/01\/1090153-1028x1536.jpg 1028w, https:\/\/vinwiala.com\/wp-content\/uploads\/2024\/01\/1090153-1371x2048.jpg 1371w, https:\/\/vinwiala.com\/wp-content\/uploads\/2024\/01\/1090153-scaled.jpg 1714w\" sizes=\"auto, (max-width: 685px) 100vw, 685px\" \/><\/figure>\n\n\n\n<p class=\"has-text-align-center\">Cuv\u00e9e n\u00b02<\/p>\n<\/div>\n\n\n\n<div class=\"wp-block-column is-layout-flow wp-block-column-is-layout-flow\">\n<figure class=\"wp-block-image size-large\"><img loading=\"lazy\" decoding=\"async\" width=\"685\" height=\"1024\" src=\"http:\/\/vinwiala.com\/wp-content\/uploads\/2024\/01\/1090153-685x1024.jpg\" alt=\"\" class=\"wp-image-53\" srcset=\"https:\/\/vinwiala.com\/wp-content\/uploads\/2024\/01\/1090153-685x1024.jpg 685w, https:\/\/vinwiala.com\/wp-content\/uploads\/2024\/01\/1090153-201x300.jpg 201w, https:\/\/vinwiala.com\/wp-content\/uploads\/2024\/01\/1090153-768x1147.jpg 768w, https:\/\/vinwiala.com\/wp-content\/uploads\/2024\/01\/1090153-1028x1536.jpg 1028w, https:\/\/vinwiala.com\/wp-content\/uploads\/2024\/01\/1090153-1371x2048.jpg 1371w, https:\/\/vinwiala.com\/wp-content\/uploads\/2024\/01\/1090153-scaled.jpg 1714w\" sizes=\"auto, (max-width: 685px) 100vw, 685px\" \/><\/figure>\n\n\n\n<p class=\"has-text-align-center\">Cuv\u00e9e n\u00b03<\/p>\n<\/div>\n<\/div>\n<\/div><\/div>\n<\/div><\/div>\n\n\n\n<div class=\"wp-block-cover alignfull is-light\" style=\"min-height:420px;aspect-ratio:unset;\"><span aria-hidden=\"true\" class=\"wp-block-cover__background has-nv-light-bg-background-color has-background-dim-100 has-background-dim\"><\/span><div class=\"wp-block-cover__inner-container is-layout-flow wp-block-cover-is-layout-flow\">\n<div style=\"height:80px\" aria-hidden=\"true\" class=\"wp-block-spacer\"><\/div>\n\n\n\n<div class=\"wp-block-columns is-layout-flex wp-container-core-columns-is-layout-9d6595d7 wp-block-columns-is-layout-flex\">\n<div class=\"wp-block-column is-layout-flow wp-block-column-is-layout-flow\">\n<div style=\"height:24px\" aria-hidden=\"true\" class=\"wp-block-spacer\"><\/div>\n\n\n\n<div style=\"height:20px\" aria-hidden=\"true\" class=\"wp-block-spacer\"><\/div>\n\n\n\n<p>Newsletter ?<\/p>\n<\/div>\n\n\n\n<div class=\"wp-block-column is-layout-flow wp-block-column-is-layout-flow\">\n<figure class=\"wp-block-image size-large\"><img loading=\"lazy\" decoding=\"async\" width=\"1024\" height=\"683\" src=\"http:\/\/vinwiala.com\/wp-content\/uploads\/2024\/01\/5V2A9446-1-1024x683.jpg\" alt=\"\" class=\"wp-image-43\" srcset=\"https:\/\/vinwiala.com\/wp-content\/uploads\/2024\/01\/5V2A9446-1-1024x683.jpg 1024w, https:\/\/vinwiala.com\/wp-content\/uploads\/2024\/01\/5V2A9446-1-300x200.jpg 300w, https:\/\/vinwiala.com\/wp-content\/uploads\/2024\/01\/5V2A9446-1-768x512.jpg 768w, https:\/\/vinwiala.com\/wp-content\/uploads\/2024\/01\/5V2A9446-1-1536x1024.jpg 1536w, https:\/\/vinwiala.com\/wp-content\/uploads\/2024\/01\/5V2A9446-1-2048x1365.jpg 2048w, https:\/\/vinwiala.com\/wp-content\/uploads\/2024\/01\/5V2A9446-1-930x620.jpg 930w\" sizes=\"auto, (max-width: 1024px) 100vw, 1024px\" \/><\/figure>\n<\/div>\n<\/div>\n\n\n\n<div style=\"height:30px\" aria-hidden=\"true\" class=\"wp-block-spacer\"><\/div>\n<\/div><\/div>\n\n\n\n<div class=\"wp-block-cover alignfull is-light\" style=\"min-height:300px;aspect-ratio:unset;\"><span aria-hidden=\"true\" class=\"wp-block-cover__background has-nv-dark-bg-background-color has-background-dim-100 has-background-dim\"><\/span><div class=\"wp-block-cover__inner-container is-layout-flow wp-block-cover-is-layout-flow\">\n<div style=\"height:140px\" aria-hidden=\"true\" class=\"wp-block-spacer\"><\/div>\n\n\n\n<h2 class=\"wp-block-heading has-text-align-center has-nv-text-dark-bg-color has-text-color\">Let\u2019s work together on your <br>next web project<\/h2>\n\n\n\n<p class=\"has-text-align-center has-medium-font-size\">Lorem ipsum dolor sit amet, consectetur adipiscing elit. Ut elit tellus, luctus <br>nec ullamcorper mattis, pulvinar dapibus leo.<\/p>\n\n\n\n<div class=\"wp-block-buttons is-content-justification-center is-layout-flex wp-container-core-buttons-is-layout-16018d1d wp-block-buttons-is-layout-flex\">\n<div class=\"wp-block-button is-style-primary\"><a class=\"wp-block-button__link wp-element-button\" href=\"#\">LEARN MORE<\/a><\/div>\n<\/div>\n\n\n\n<div style=\"height:140px\" aria-hidden=\"true\" class=\"wp-block-spacer\"><\/div>\n<\/div><\/div>\n","protected":false},"excerpt":{"rendered":"<p>Fixed Price Lorem ipsum dolor sit amet elit do, consectetur adipiscing, sed eiusmod tempor. Receive on time Lorem ipsum dolor sit amet elit do, consectetur adipiscing, sed eiusmod tempor. Naturel Lorem ipsum dolor sit amet elit do, consectetur adipiscing, sed eiusmod tempor.<\/p>\n","protected":false},"author":1,"featured_media":0,"parent":0,"menu_order":0,"comment_status":"closed","ping_status":"closed","template":"","meta":{"neve_meta_sidebar":"","neve_meta_container":"","neve_meta_enable_content_width":"on","neve_meta_content_width":100,"neve_meta_title_alignment":"","neve_meta_author_avatar":"","neve_post_elements_order":"","neve_meta_disable_header":"","neve_meta_disable_footer":"","neve_meta_disable_title":"on","footnotes":""},"class_list":["post-11","page","type-page","status-publish","hentry"],"_links":{"self":[{"href":"https:\/\/vinwiala.com\/index.php\/wp-json\/wp\/v2\/pages\/11","targetHints":{"allow":["GET"]}}],"collection":[{"href":"https:\/\/vinwiala.com\/index.php\/wp-json\/wp\/v2\/pages"}],"about":[{"href":"https:\/\/vinwiala.com\/index.php\/wp-json\/wp\/v2\/types\/page"}],"author":[{"embeddable":true,"href":"https:\/\/vinwiala.com\/index.php\/wp-json\/wp\/v2\/users\/1"}],"replies":[{"embeddable":true,"href":"https:\/\/vinwiala.com\/index.php\/wp-json\/wp\/v2\/comments?post=11"}],"version-history":[{"count":9,"href":"https:\/\/vinwiala.com\/index.php\/wp-json\/wp\/v2\/pages\/11\/revisions"}],"predecessor-version":[{"id":60,"href":"https:\/\/vinwiala.com\/index.php\/wp-json\/wp\/v2\/pages\/11\/revisions\/60"}],"wp:attachment":[{"href":"https:\/\/vinwiala.com\/index.php\/wp-json\/wp\/v2\/media?parent=11"}],"curies":[{"name":"wp","href":"https:\/\/api.w.org\/{rel}","templated":true}]}}